{"id":1382,"date":"2023-07-24T04:30:15","date_gmt":"2023-07-24T04:30:15","guid":{"rendered":"https:\/\/centroramsol.com\/?page_id=1382"},"modified":"2023-07-24T05:31:05","modified_gmt":"2023-07-24T05:31:05","slug":"especialistas-en-psicologia-infantil-desarrollo-y-aprendizaje","status":"publish","type":"page","link":"https:\/\/centroramsol.com\/index.php\/especialistas-en-psicologia-infantil-desarrollo-y-aprendizaje\/","title":{"rendered":"ESPECIALISTAS EN PSICOLOG\u00cdA INFANTIL, DESARROLLO Y APRENDIZAJE"},"content":{"rendered":"\n<div class=\"wp-block-uagb-image alignfull uagb-block-af29df6f wp-block-uagb-image--layout-default wp-block-uagb-image--effect-static wp-block-uagb-image--align-full\"><figure class=\"wp-block-uagb-image__figure\"><img decoding=\"async\" srcset=\"http:\/\/centroramsol.com\/wp-content\/uploads\/2023\/07\/circulos-para-web-Recuperado-01-fotor-bg-remover-20230723201731.png ,https:\/\/centroramsol.com\/wp-content\/uploads\/2023\/07\/circulos-para-web-Recuperado-01-3.png 780w\" sizes=\"(max-width: 480px) 150px\" src=\"http:\/\/centroramsol.com\/wp-content\/uploads\/2023\/07\/circulos-para-web-Recuperado-01-fotor-bg-remover-20230723201731.png\" alt=\"\" class=\"uag-image-1316\" width=\"1000\" height=\"460\" title=\"\" loading=\"lazy\"\/><\/figure><\/div>\n\n\n\n<div class=\"wp-block-uagb-container uagb-block-3114074a alignfull uagb-is-root-container\"><div class=\"uagb-container-inner-blocks-wrap\">\n<div class=\"wp-block-uagb-info-box uagb-block-f56612af uagb-infobox__content-wrap  uagb-infobox-icon-above-title uagb-infobox-image-valign-top\"><div class=\"uagb-ifb-content\"><div class=\"uagb-ifb-title-wrap\"><h2 class=\"uagb-ifb-title\">ESPECIALISTAS EN PSICOLOG\u00cdA INFANTIL, DESARROLLO Y APRENDIZAJE<\/h2><\/div><\/div><\/div>\n\n\n\n<div class=\"wp-block-uagb-info-box uagb-block-8b4fb711 uagb-infobox__content-wrap  uagb-infobox-icon-above-title uagb-infobox-image-valign-top\"><div class=\"uagb-ifb-content\"><div class=\"uagb-ifb-title-wrap\"><h2 class=\"uagb-ifb-title\">En nuestro centro, nos enorgullecemos de ofrecer un equipo de especialistas altamente capacitados y apasionados por el bienestar y desarrollo de los ni\u00f1os. Nuestra misi\u00f3n es brindar apoyo integral a los m\u00e1s peque\u00f1os y a sus familias, creando un ambiente c\u00e1lido y acogedor donde cada ni\u00f1o se sienta valorado y comprendido en su singularidad.<\/h2><\/div><\/div><\/div>\n\n\n\n<div class=\"wp-block-uagb-container uagb-block-4e6a5f67 alignfull uagb-is-root-container\"><div class=\"uagb-container-inner-blocks-wrap\">\n<div class=\"wp-block-uagb-container uagb-block-8f7cc93e alignfull uagb-is-root-container\"><div class=\"uagb-container-inner-blocks-wrap\">\n<div class=\"wp-block-uagb-info-box uagb-block-f7a1157b uagb-infobox__content-wrap  uagb-infobox-icon-above-title uagb-infobox-image-valign-top\"><div class=\"uagb-ifb-content\"><div class=\"uagb-ifb-image-content\"><img decoding=\"async\" src=\"http:\/\/centroramsol.com\/wp-content\/uploads\/2023\/07\/child-tower-building-blocks-1864718.jpg\" alt=\"child, tower, building blocks-1864718.jpg\" width=\"1280\" height=\"853\" loading=\"lazy\"\/><\/div><div class=\"uagb-ifb-title-wrap\"><h4 class=\"uagb-ifb-title\"><strong>Evaluaci\u00f3n Integral<\/strong><\/h4><\/div><p class=\"uagb-ifb-desc\">Realizamos evaluaciones minuciosas y basadas en la evidencia para comprender el desarrollo del ni\u00f1o en \u00e1reas como el desarrollo cognitivo, emocional, social, del lenguaje y motor. Estas evaluaciones nos permiten identificar fortalezas y \u00e1reas que puedan requerir apoyo adicional.<br><br><br><br><br><\/p><\/div><\/div>\n<\/div><\/div>\n\n\n\n<div class=\"wp-block-uagb-container uagb-block-b949f335 alignfull uagb-is-root-container\"><div class=\"uagb-container-inner-blocks-wrap\">\n<div class=\"wp-block-uagb-info-box uagb-block-2613ead9 uagb-infobox__content-wrap  uagb-infobox-icon-above-title uagb-infobox-image-valign-top\"><div class=\"uagb-ifb-content\"><div class=\"uagb-ifb-image-content\"><img decoding=\"async\" src=\"http:\/\/centroramsol.com\/wp-content\/uploads\/2023\/07\/girl-colors-holi-3194977.jpg\" alt=\"girl, colors, holi-3194977.jpg\" width=\"1280\" height=\"853\" loading=\"lazy\"\/><\/div><div class=\"uagb-ifb-title-wrap\"><h4 class=\"uagb-ifb-title\"><strong>Terapia Infantil<\/strong><\/h4><\/div><p class=\"uagb-ifb-desc\">Nuestros especialistas est\u00e1n altamente capacitados para brindar terapia individual a ni\u00f1os que enfrentan dificultades emocionales, conductuales o de aprendizaje. Utilizamos enfoques terap\u00e9uticos apropiados para la edad y adaptados a las necesidades de cada ni\u00f1o, promoviendo la expresi\u00f3n de emociones, el desarrollo de habilidades de afrontamiento y el fomento de una autoestima saludable.<br><br><br><br><br><br><\/p><\/div><\/div>\n<\/div><\/div>\n\n\n\n<div class=\"wp-block-uagb-container uagb-block-1cc13b5a alignfull uagb-is-root-container\"><div class=\"uagb-container-inner-blocks-wrap\">\n<div class=\"wp-block-uagb-info-box uagb-block-32857ce6 uagb-infobox__content-wrap  uagb-infobox-icon-above-title uagb-infobox-image-valign-top\"><div class=\"uagb-ifb-content\"><div class=\"uagb-ifb-image-content\"><img decoding=\"async\" src=\"http:\/\/centroramsol.com\/wp-content\/uploads\/2023\/07\/child-care-template-expert-img-1.jpg\" alt=\"\" width=\"268\" height=\"332\" loading=\"lazy\"\/><\/div><div class=\"uagb-ifb-title-wrap\"><h4 class=\"uagb-ifb-title\"><strong>Asesoramiento a Padres<\/strong><\/h4><\/div><p class=\"uagb-ifb-desc\">Reconocemos la importancia del papel de los padres en el desarrollo de sus hijos. Por ello, ofrecemos asesoramiento y orientaci\u00f3n a los padres para que comprendan mejor las necesidades de sus hijos y adquieran herramientas eficaces para la crianza, fortaleciendo los lazos familiares y la comunicaci\u00f3n efectiva.<br><br><br><br><br><br><\/p><\/div><\/div>\n<\/div><\/div>\n<\/div><\/div>\n<\/div><\/div>\n\n\n\n<div class=\"inherit-container-width wp-block-group has-background is-layout-constrained\" style=\"background-color:#0927961a\">\n<p><\/p>\n\n\n\n<div class=\"wp-block-uagb-advanced-heading uagb-block-3d40fdb6\"><h2 class=\"uagb-heading-text\">Cont\u00e1ctanos<\/h2><div class=\"uagb-separator\"><\/div><\/div>\n\n\n\n<p><\/p>\n\n\n\n<div class=\"wp-block-uagb-container uagb-block-f596045c alignfull uagb-is-root-container\"><div class=\"uagb-container-inner-blocks-wrap\">\n<div class=\"wp-block-uagb-container uagb-block-810d0373\">\n<div class=\"wp-block-uagb-info-box uagb-block-f04ff2a0 uagb-infobox__content-wrap  uagb-infobox-icon-above-title uagb-infobox-image-valign-top\"><div class=\"uagb-ifb-content\"><div class=\"uagb-ifb-title-wrap\"><h4 class=\"uagb-ifb-title\"><strong>Tel\u00e9fono<\/strong><\/h4><\/div><p class=\"uagb-ifb-desc\">+(52 1) 55 5754 5167<\/p><\/div><\/div>\n\n\n\n<div class=\"wp-block-uagb-info-box uagb-block-0ea2eaec uagb-infobox__content-wrap  uagb-infobox-icon-above-title uagb-infobox-image-valign-top\"><div class=\"uagb-ifb-content\"><div class=\"uagb-ifb-title-wrap\"><h4 class=\"uagb-ifb-title\"><strong><strong>Direcci\u00f3n<\/strong><\/strong><\/h4><\/div><p class=\"uagb-ifb-desc\">Avenida Wilfrido Massieu 245 07739 <br>Ciudad de M\u00e9xico CDMX, M\u00e9xico<\/p><\/div><\/div>\n<\/div>\n\n\n\n<div class=\"wp-block-uagb-container uagb-block-7709e5ce\">\n<div class=\"inherit-container-width wp-block-group is-layout-constrained\">\n<div class=\"wp-block-uagb-advanced-heading uagb-block-76b40e12\"><h2 class=\"uagb-heading-text\">Env\u00edanos un mensaje<\/h2><\/div>\n\n\n\n<p><\/p>\n<\/div>\n\n\n\n<p><\/p>\n\n\n\n<p><\/p>\n\n\n\n<div class=\"inherit-container-width wp-block-group is-layout-constrained\">\n<div class=\"wp-block-uagb-forms uagb-forms__outer-wrap uagb-block-7f914dd9 uagb-forms__medium-btn\"><form class=\"uagb-forms-main-form\" method=\"post\" autocomplete=\"on\" name=\"uagb-form-7f914dd9\">\n<div class=\"wp-block-uagb-forms-name uagb-forms-name-wrap uagb-forms-field-set uagb-block-2e978d15\"><div class=\"uagb-forms-name-label obligatorio uagb-forms-input-label\" id=\"2e978d15\">Nombre<\/div><input type=\"text\" placeholder=\"\" required class=\"uagb-forms-name-input uagb-forms-input\" name=\"2e978d15\" autocomplete=\"given-name\"\/><\/div>\n\n\n\n<div class=\"wp-block-uagb-forms-name uagb-forms-name-wrap uagb-forms-field-set uagb-block-e7554b36\"><div class=\"uagb-forms-name-label obligatorio uagb-forms-input-label\" id=\"e7554b36\">Apellido<\/div><input type=\"text\" placeholder=\"\" required class=\"uagb-forms-name-input uagb-forms-input\" name=\"e7554b36\" autocomplete=\"family-name\"\/><\/div>\n\n\n\n<div class=\"wp-block-uagb-forms-email uagb-forms-email-wrap uagb-forms-field-set uagb-block-c6600ddd\"><div class=\"uagb-forms-email-label  uagb-forms-input-label\" id=\"c6600ddd\">Correo electr\u00f3nico<\/div><input type=\"email\" class=\"uagb-forms-email-input uagb-forms-input\" placeholder=\"ejemplo@correo.com\" name=\"c6600ddd\" autocomplete=\"email\"\/><\/div>\n\n\n\n<div class=\"wp-block-uagb-forms-textarea uagb-forms-textarea-wrap uagb-forms-field-set uagb-block-6f3b1982\"><div class=\"uagb-forms-textarea-label obligatorio uagb-forms-input-label\" id=\"6f3b1982\">Mensaje<\/div><textarea required class=\"uagb-forms-textarea-input uagb-forms-input\" rows=\"4\" placeholder=\"Introduce tu mensaje\" name=\"6f3b1982\" autocomplete=\"off\"><\/textarea><\/div>\n<div class=\"uagb-forms-form-hidden-data\"><input type=\"hidden\" class=\"uagb_forms_form_label\" value=\"Spectra Form\"\/><input type=\"hidden\" class=\"uagb_forms_form_id\" value=\"uagb-form-7f914dd9\"\/><\/div><div class=\"uagb-form-reacaptcha-error-7f914dd9\"><\/div><div class=\"uagb-forms-main-submit-button-wrap wp-block-button\"><button class=\"uagb-forms-main-submit-button wp-block-button__link\"><div class=\"uagb-forms-main-submit-button-text\">Enviar mensaje<\/div><\/button><\/div><\/form><div class=\"uagb-forms-success-message-7f914dd9 uagb-forms-submit-message-hide\"><span>Gracias por tu mensaje.\n\nA la brevedad nos pondremos en contacto contigo.<\/span><\/div><div class=\"uagb-forms-failed-message-7f914dd9 uagb-forms-submit-message-hide\"><span>Ha ocurrido un error. \n\nPor favor, verifica que todos los campos sean correctos.\n\n<\/span><\/div><\/div>\n<\/div>\n<\/div>\n<\/div><\/div>\n<\/div>\n","protected":false},"excerpt":{"rendered":"","protected":false},"author":1,"featured_media":0,"parent":0,"menu_order":0,"comment_status":"closed","ping_status":"closed","template":"","meta":{"_uag_custom_page_level_css":"","site-sidebar-layout":"default","site-content-layout":"page-builder","ast-global-header-display":"","ast-banner-title-visibility":"","ast-main-header-display":"","ast-hfb-above-header-display":"","ast-hfb-below-header-display":"","ast-hfb-mobile-header-display":"","site-post-title":"disabled","ast-breadcrumbs-content":"","ast-featured-img":"","footer-sml-layout":"","theme-transparent-header-meta":"","adv-header-id-meta":"","stick-header-meta":"","header-above-stick-meta":"","header-main-stick-meta":"","header-below-stick-meta":""},"uagb_featured_image_src":{"full":false,"thumbnail":false,"medium":false,"medium_large":false,"large":false,"1536x1536":false,"2048x2048":false},"uagb_author_info":{"display_name":"carlosggcr@gmail.com","author_link":"https:\/\/centroramsol.com\/index.php\/author\/carlosggcrgmail-com\/"},"uagb_comment_info":0,"uagb_excerpt":null,"_links":{"self":[{"href":"https:\/\/centroramsol.com\/index.php\/wp-json\/wp\/v2\/pages\/1382"}],"collection":[{"href":"https:\/\/centroramsol.com\/index.php\/wp-json\/wp\/v2\/pages"}],"about":[{"href":"https:\/\/centroramsol.com\/index.php\/wp-json\/wp\/v2\/types\/page"}],"author":[{"embeddable":true,"href":"https:\/\/centroramsol.com\/index.php\/wp-json\/wp\/v2\/users\/1"}],"replies":[{"embeddable":true,"href":"https:\/\/centroramsol.com\/index.php\/wp-json\/wp\/v2\/comments?post=1382"}],"version-history":[{"count":8,"href":"https:\/\/centroramsol.com\/index.php\/wp-json\/wp\/v2\/pages\/1382\/revisions"}],"predecessor-version":[{"id":1480,"href":"https:\/\/centroramsol.com\/index.php\/wp-json\/wp\/v2\/pages\/1382\/revisions\/1480"}],"wp:attachment":[{"href":"https:\/\/centroramsol.com\/index.php\/wp-json\/wp\/v2\/media?parent=1382"}],"curies":[{"name":"wp","href":"https:\/\/api.w.org\/{rel}","templated":true}]}}