{"id":1407,"date":"2023-07-24T04:57:28","date_gmt":"2023-07-24T04:57:28","guid":{"rendered":"https:\/\/centroramsol.com\/?page_id=1407"},"modified":"2023-07-24T05:51:55","modified_gmt":"2023-07-24T05:51:55","slug":"psicoterapia","status":"publish","type":"page","link":"https:\/\/centroramsol.com\/index.php\/psicoterapia\/","title":{"rendered":"PSICOTERAPIA"},"content":{"rendered":"\n<div class=\"wp-block-uagb-image alignfull uagb-block-af29df6f wp-block-uagb-image--layout-default wp-block-uagb-image--effect-static wp-block-uagb-image--align-full\"><figure class=\"wp-block-uagb-image__figure\"><img decoding=\"async\" srcset=\"http:\/\/centroramsol.com\/wp-content\/uploads\/2023\/07\/circulos-para-web-Recuperado-01-fotor-bg-remover-20230723201731.png ,https:\/\/centroramsol.com\/wp-content\/uploads\/2023\/07\/circulos-para-web-Recuperado-01-3.png 780w\" sizes=\"(max-width: 480px) 150px\" src=\"http:\/\/centroramsol.com\/wp-content\/uploads\/2023\/07\/circulos-para-web-Recuperado-01-fotor-bg-remover-20230723201731.png\" alt=\"\" class=\"uag-image-1316\" width=\"1000\" height=\"460\" title=\"\" loading=\"lazy\"\/><\/figure><\/div>\n\n\n\n<div class=\"wp-block-uagb-advanced-heading uagb-block-c3340367\"><h2 class=\"uagb-heading-text\">PSICOTERAPIA<\/h2><\/div>\n\n\n\n<div class=\"wp-block-uagb-info-box uagb-block-f5071d2b uagb-infobox__content-wrap  uagb-infobox-icon-above-title uagb-infobox-image-valign-top\"><div class=\"uagb-ifb-content\"><div class=\"uagb-ifb-title-wrap\"><\/div><p class=\"uagb-ifb-desc\">En nuestro centro, entendemos que la vida puede presentar desaf\u00edos y situaciones dif\u00edciles que afectan nuestra salud mental y bienestar emocional. Nuestro enfoque en la psicoterapia para adultos se centra en brindar un espacio seguro y confidencial donde puedas explorar tus emociones, comprender tus pensamientos y encontrar soluciones efectivas para mejorar tu calidad de vida.<\/p><\/div><\/div>\n\n\n\n<div class=\"wp-block-uagb-container uagb-block-7b9c51e9 alignfull uagb-is-root-container\"><div class=\"uagb-container-inner-blocks-wrap\">\n<div class=\"wp-block-uagb-container uagb-block-1d18decc\">\n<div class=\"wp-block-uagb-info-box uagb-block-bb61181e uagb-infobox__content-wrap  uagb-infobox-icon-above-title uagb-infobox-image-valign-top\"><div class=\"uagb-ifb-content\"><div class=\"uagb-ifb-image-content\"><img decoding=\"async\" src=\"http:\/\/centroramsol.com\/wp-content\/uploads\/2023\/07\/psychology-trust-professional-2647941-300x185.jpg\" alt=\"psychology, trust, professional-2647941.jpg\" width=\"300\" height=\"185\" loading=\"lazy\"\/><\/div><div class=\"uagb-ifb-title-wrap\"><h3 class=\"uagb-ifb-title\">Terapia individual<\/h3><\/div><p class=\"uagb-ifb-desc\">Nuestros especialistas ofrecen terapia individual para abordar una amplia gama de preocupaciones, como ansiedad, depresi\u00f3n, estr\u00e9s, relaciones interpersonales, problemas de autoestima y desaf\u00edos laborales. Trabajamos contigo para identificar las \u00e1reas en las que deseas crecer y te brindamos herramientas pr\u00e1cticas para superar obst\u00e1culos y alcanzar tus objetivos personales.<\/p><\/div><\/div>\n<\/div>\n\n\n\n<div class=\"wp-block-uagb-container uagb-block-f54160f5\">\n<div class=\"wp-block-uagb-container uagb-block-1346759d\">\n<div class=\"wp-block-uagb-info-box uagb-block-130e9d3c uagb-infobox__content-wrap  uagb-infobox-icon-above-title uagb-infobox-image-valign-top\"><div class=\"uagb-ifb-content\"><div class=\"uagb-ifb-image-content\"><img decoding=\"async\" src=\"http:\/\/centroramsol.com\/wp-content\/uploads\/2023\/07\/couple-hands-holding-hands-1845334.jpg\" alt=\"couple, hands, holding hands-1845334.jpg\" width=\"1280\" height=\"853\" loading=\"lazy\"\/><\/div><div class=\"uagb-ifb-title-wrap\"><h3 class=\"uagb-ifb-title\">Terapia de pareja<\/h3><\/div><p class=\"uagb-ifb-desc\">Comprendemos que las relaciones pueden enfrentar dificultades y desaf\u00edos en diferentes etapas de la vida. Nuestros especialistas en terapia de pareja trabajan en colaboraci\u00f3n contigo y tu pareja para fortalecer la comunicaci\u00f3n, mejorar la comprensi\u00f3n mutua y construir una relaci\u00f3n m\u00e1s satisfactoria y saludable.<br><br><\/p><\/div><\/div>\n<\/div>\n<\/div>\n\n\n\n<div class=\"wp-block-uagb-container uagb-block-e376f27c\">\n<div class=\"wp-block-uagb-container uagb-block-003e677a\">\n<div class=\"wp-block-uagb-info-box uagb-block-dd0b4ed5 uagb-infobox__content-wrap  uagb-infobox-icon-above-title uagb-infobox-image-valign-top\"><div class=\"uagb-ifb-content\"><div class=\"uagb-ifb-image-content\"><img decoding=\"async\" src=\"http:\/\/centroramsol.com\/wp-content\/uploads\/2023\/07\/man-solitude-tree-1156543.jpg\" alt=\"man, solitude, tree-1156543.jpg\" width=\"1280\" height=\"854\" loading=\"lazy\"\/><\/div><div class=\"uagb-ifb-title-wrap\"><h3 class=\"uagb-ifb-title\">Descubrimiento personal<\/h3><\/div><p class=\"uagb-ifb-desc\">La terapia para adultos tambi\u00e9n puede ser un camino hacia el autodescubrimiento y el crecimiento personal. Te alentamos a explorar tu mundo interno, identificar tus valores y aspiraciones, y desarrollar una mayor autoconciencia para vivir una vida m\u00e1s aut\u00e9ntica y significativa.<br><br><\/p><\/div><\/div>\n<\/div>\n<\/div>\n<\/div><\/div>\n\n\n\n<div class=\"inherit-container-width wp-block-group has-background is-layout-constrained\" style=\"background-color:#0927961a\">\n<p><\/p>\n\n\n\n<div class=\"wp-block-uagb-advanced-heading uagb-block-3d40fdb6\"><h2 class=\"uagb-heading-text\">Cont\u00e1ctanos<\/h2><div class=\"uagb-separator\"><\/div><\/div>\n\n\n\n<p><\/p>\n\n\n\n<div class=\"wp-block-uagb-container uagb-block-f596045c alignfull uagb-is-root-container\"><div class=\"uagb-container-inner-blocks-wrap\">\n<div class=\"wp-block-uagb-container uagb-block-810d0373\">\n<div class=\"wp-block-uagb-info-box uagb-block-f04ff2a0 uagb-infobox__content-wrap  uagb-infobox-icon-above-title uagb-infobox-image-valign-top\"><div class=\"uagb-ifb-content\"><div class=\"uagb-ifb-title-wrap\"><h4 class=\"uagb-ifb-title\"><strong>Tel\u00e9fono<\/strong><\/h4><\/div><p class=\"uagb-ifb-desc\">+(52 1) 55 5754 5167<\/p><\/div><\/div>\n\n\n\n<div class=\"wp-block-uagb-info-box uagb-block-0ea2eaec uagb-infobox__content-wrap  uagb-infobox-icon-above-title uagb-infobox-image-valign-top\"><div class=\"uagb-ifb-content\"><div class=\"uagb-ifb-title-wrap\"><h4 class=\"uagb-ifb-title\"><strong><strong>Direcci\u00f3n<\/strong><\/strong><\/h4><\/div><p class=\"uagb-ifb-desc\">Avenida Wilfrido Massieu 245 07739 <br>Ciudad de M\u00e9xico CDMX, M\u00e9xico<\/p><\/div><\/div>\n<\/div>\n\n\n\n<div class=\"wp-block-uagb-container uagb-block-7709e5ce\">\n<div class=\"inherit-container-width wp-block-group is-layout-constrained\">\n<div class=\"wp-block-uagb-advanced-heading uagb-block-76b40e12\"><h2 class=\"uagb-heading-text\">Env\u00edanos un mensaje<\/h2><\/div>\n\n\n\n<p><\/p>\n<\/div>\n\n\n\n<p><\/p>\n\n\n\n<p><\/p>\n\n\n\n<div class=\"inherit-container-width wp-block-group is-layout-constrained\">\n<div class=\"wp-block-uagb-forms uagb-forms__outer-wrap uagb-block-7f914dd9 uagb-forms__medium-btn\"><form class=\"uagb-forms-main-form\" method=\"post\" autocomplete=\"on\" name=\"uagb-form-7f914dd9\">\n<div class=\"wp-block-uagb-forms-name uagb-forms-name-wrap uagb-forms-field-set uagb-block-2e978d15\"><div class=\"uagb-forms-name-label obligatorio uagb-forms-input-label\" id=\"2e978d15\">Nombre<\/div><input type=\"text\" placeholder=\"\" required class=\"uagb-forms-name-input uagb-forms-input\" name=\"2e978d15\" autocomplete=\"given-name\"\/><\/div>\n\n\n\n<div class=\"wp-block-uagb-forms-name uagb-forms-name-wrap uagb-forms-field-set uagb-block-e7554b36\"><div class=\"uagb-forms-name-label obligatorio uagb-forms-input-label\" id=\"e7554b36\">Apellido<\/div><input type=\"text\" placeholder=\"\" required class=\"uagb-forms-name-input uagb-forms-input\" name=\"e7554b36\" autocomplete=\"family-name\"\/><\/div>\n\n\n\n<div class=\"wp-block-uagb-forms-email uagb-forms-email-wrap uagb-forms-field-set uagb-block-c6600ddd\"><div class=\"uagb-forms-email-label  uagb-forms-input-label\" id=\"c6600ddd\">Correo electr\u00f3nico<\/div><input type=\"email\" class=\"uagb-forms-email-input uagb-forms-input\" placeholder=\"ejemplo@correo.com\" name=\"c6600ddd\" autocomplete=\"email\"\/><\/div>\n\n\n\n<div class=\"wp-block-uagb-forms-textarea uagb-forms-textarea-wrap uagb-forms-field-set uagb-block-6f3b1982\"><div class=\"uagb-forms-textarea-label obligatorio uagb-forms-input-label\" id=\"6f3b1982\">Mensaje<\/div><textarea required class=\"uagb-forms-textarea-input uagb-forms-input\" rows=\"4\" placeholder=\"Introduce tu mensaje\" name=\"6f3b1982\" autocomplete=\"off\"><\/textarea><\/div>\n<div class=\"uagb-forms-form-hidden-data\"><input type=\"hidden\" class=\"uagb_forms_form_label\" value=\"Spectra Form\"\/><input type=\"hidden\" class=\"uagb_forms_form_id\" value=\"uagb-form-7f914dd9\"\/><\/div><div class=\"uagb-form-reacaptcha-error-7f914dd9\"><\/div><div class=\"uagb-forms-main-submit-button-wrap wp-block-button\"><button class=\"uagb-forms-main-submit-button wp-block-button__link\"><div class=\"uagb-forms-main-submit-button-text\">Enviar mensaje<\/div><\/button><\/div><\/form><div class=\"uagb-forms-success-message-7f914dd9 uagb-forms-submit-message-hide\"><span>Gracias por tu mensaje.\n\nA la brevedad nos pondremos en contacto contigo.<\/span><\/div><div class=\"uagb-forms-failed-message-7f914dd9 uagb-forms-submit-message-hide\"><span>Ha ocurrido un error. \n\nPor favor, verifica que todos los campos sean correctos.\n\n<\/span><\/div><\/div>\n<\/div>\n<\/div>\n<\/div><\/div>\n<\/div>\n","protected":false},"excerpt":{"rendered":"<p>PSICOTERAPIA<\/p>\n","protected":false},"author":1,"featured_media":0,"parent":0,"menu_order":0,"comment_status":"closed","ping_status":"closed","template":"","meta":{"_uag_custom_page_level_css":"","site-sidebar-layout":"default","site-content-layout":"page-builder","ast-global-header-display":"","ast-banner-title-visibility":"","ast-main-header-display":"","ast-hfb-above-header-display":"","ast-hfb-below-header-display":"","ast-hfb-mobile-header-display":"","site-post-title":"disabled","ast-breadcrumbs-content":"","ast-featured-img":"","footer-sml-layout":"","theme-transparent-header-meta":"","adv-header-id-meta":"","stick-header-meta":"","header-above-stick-meta":"","header-main-stick-meta":"","header-below-stick-meta":""},"uagb_featured_image_src":{"full":false,"thumbnail":false,"medium":false,"medium_large":false,"large":false,"1536x1536":false,"2048x2048":false},"uagb_author_info":{"display_name":"carlosggcr@gmail.com","author_link":"https:\/\/centroramsol.com\/index.php\/author\/carlosggcrgmail-com\/"},"uagb_comment_info":0,"uagb_excerpt":"PSICOTERAPIA","_links":{"self":[{"href":"https:\/\/centroramsol.com\/index.php\/wp-json\/wp\/v2\/pages\/1407"}],"collection":[{"href":"https:\/\/centroramsol.com\/index.php\/wp-json\/wp\/v2\/pages"}],"about":[{"href":"https:\/\/centroramsol.com\/index.php\/wp-json\/wp\/v2\/types\/page"}],"author":[{"embeddable":true,"href":"https:\/\/centroramsol.com\/index.php\/wp-json\/wp\/v2\/users\/1"}],"replies":[{"embeddable":true,"href":"https:\/\/centroramsol.com\/index.php\/wp-json\/wp\/v2\/comments?post=1407"}],"version-history":[{"count":3,"href":"https:\/\/centroramsol.com\/index.php\/wp-json\/wp\/v2\/pages\/1407\/revisions"}],"predecessor-version":[{"id":1490,"href":"https:\/\/centroramsol.com\/index.php\/wp-json\/wp\/v2\/pages\/1407\/revisions\/1490"}],"wp:attachment":[{"href":"https:\/\/centroramsol.com\/index.php\/wp-json\/wp\/v2\/media?parent=1407"}],"curies":[{"name":"wp","href":"https:\/\/api.w.org\/{rel}","templated":true}]}}