{"id":78,"date":"2022-10-17T07:03:13","date_gmt":"2022-10-17T07:03:13","guid":{"rendered":"https:\/\/centroramsol.com\/index.php\/home\/"},"modified":"2023-07-24T05:22:08","modified_gmt":"2023-07-24T05:22:08","slug":"home","status":"publish","type":"page","link":"https:\/\/centroramsol.com\/","title":{"rendered":"INICIO"},"content":{"rendered":"\n<div class=\"wp-block-uagb-image alignfull uagb-block-af29df6f wp-block-uagb-image--layout-default wp-block-uagb-image--effect-static wp-block-uagb-image--align-full\"><figure class=\"wp-block-uagb-image__figure\"><img decoding=\"async\" srcset=\"http:\/\/centroramsol.com\/wp-content\/uploads\/2023\/07\/circulos-para-web-Recuperado-01-fotor-bg-remover-20230723201731.png ,https:\/\/centroramsol.com\/wp-content\/uploads\/2023\/07\/circulos-para-web-Recuperado-01-3.png 780w\" sizes=\"(max-width: 480px) 150px\" src=\"http:\/\/centroramsol.com\/wp-content\/uploads\/2023\/07\/circulos-para-web-Recuperado-01-fotor-bg-remover-20230723201731.png\" alt=\"\" class=\"uag-image-1316\" width=\"1000\" height=\"460\" title=\"\" loading=\"lazy\"\/><\/figure><\/div>\n\n\n\n<p><\/p>\n\n\n\n<p><\/p>\n\n\n\n<p><\/p>\n\n\n\n<div class=\"wp-block-uagb-advanced-heading uagb-block-23889bf0\"><h2 class=\"uagb-heading-text\">PSIC\u00d3LOGOS Y PSICOTERAPEUTAS ESPECIALIZADOS<\/h2><\/div>\n\n\n\n<div class=\"wp-block-uagb-advanced-heading uagb-block-5c5a9c78\"><h2 class=\"uagb-heading-text\">Humanamente responsables con el desarrollo integral del SER<\/h2><\/div>\n\n\n\n<div class=\"inherit-container-width wp-block-group is-layout-constrained\">\n<div class=\"wp-block-uagb-info-box uagb-block-3b13b0fc uagb-infobox__content-wrap  uagb-infobox-icon-above-title uagb-infobox-image-valign-top\"><div class=\"uagb-ifb-content\"><div class=\"uagb-ifb-title-wrap\"><h2 class=\"uagb-ifb-title\">Nuestros Servicios<\/h2><\/div><div class=\"uagb-ifb-separator\"><\/div><p class=\"uagb-ifb-desc\">Descubre nuestros servicios en RAMSOL para ni\u00f1os, adolescentes, adultos y parejas. Nuestro equipo altamente capacitado ofrece un enfoque humanista para abordar tus necesidades psicol\u00f3gicas. \u00a1Empieza tu camino hacia el bienestar hoy mismo!<\/p><\/div><\/div>\n\n\n\n<div class=\"wp-block-columns are-vertically-aligned-center has-small-font-size is-layout-flex wp-container-4\" style=\"border-style:none;border-width:0px;border-radius:0px;padding-top:0;padding-right:0;padding-bottom:0;padding-left:0\">\n<div class=\"wp-block-column is-vertically-aligned-center has-ast-global-color-5-background-color has-background is-layout-constrained\" style=\"border-style:none;border-width:0px;padding-top:0;padding-right:0;padding-bottom:0;padding-left:0;flex-basis:100%\">\n<div class=\"wp-block-columns is-layout-flex wp-container-2\">\n<div class=\"wp-block-column is-layout-flow\" style=\"flex-basis:100%\">\n<div class=\"wp-block-uagb-container uagb-block-0f06693a alignfull uagb-is-root-container\"><div class=\"uagb-container-inner-blocks-wrap\">\n<div class=\"wp-block-uagb-container uagb-block-381094eb\">\n<div class=\"wp-block-uagb-info-box uagb-block-225cfc15 uagb-infobox__content-wrap  uagb-infobox_cta-type-all uagb-infobox-icon-above-title uagb-infobox-image-valign-top\"><a href=\"https:\/\/centroramsol.com\/index.php\/especialistas-en-psicologia-infantil-desarrollo-y-aprendizaje\/\" class=\"uagb-infobox-link-wrap uagb-infbox__link-to-all\" target=\"_blank\" aria-label=\"Infobox Link\" rel=\"noopener noreferrer\" onclick=\"return true;\"><\/a><div class=\"uagb-ifb-content\"><div class=\"uagb-ifb-image-content\"><img decoding=\"async\" src=\"http:\/\/centroramsol.com\/wp-content\/uploads\/2023\/07\/ninio-1-674x1024.jpg\" alt=\"\" width=\"674\" height=\"1024\" loading=\"lazy\"\/><\/div><div class=\"uagb-ifb-title-wrap\"><\/div><p class=\"uagb-ifb-desc\">Nuestros especialistas en psicolog\u00eda infantil ofrecen atenci\u00f3n personalizada y de calidad a ni\u00f1os y sus familias.<br><\/p><div class=\"uagb-ifb-button-wrapper wp-block-button\"><\/div><\/div><\/div>\n<\/div>\n\n\n\n<div class=\"wp-block-uagb-container uagb-block-dbafe4fb\">\n<div class=\"wp-block-uagb-info-box uagb-block-21ca3579 uagb-infobox__content-wrap  uagb-infobox_cta-type-all uagb-infobox-icon-above-title uagb-infobox-image-valign-top\"><a href=\"https:\/\/centroramsol.com\/index.php\/psicoterapia\/\" class=\"uagb-infobox-link-wrap uagb-infbox__link-to-all\" target=\"_blank\" aria-label=\"Infobox Link\" rel=\"noopener noreferrer\" onclick=\"return true;\"><\/a><div class=\"uagb-ifb-content\"><div class=\"uagb-ifb-image-content\"><img decoding=\"async\" src=\"http:\/\/centroramsol.com\/wp-content\/uploads\/2023\/05\/psicoterapia-682x1024.jpg\" alt=\"\" width=\"682\" height=\"1024\" loading=\"lazy\"\/><\/div><div class=\"uagb-ifb-title-wrap\"><\/div><p class=\"uagb-ifb-desc\">Descubre nuestros servicios de psicoterapia individual para todas las edades.<br><br><\/p><div class=\"uagb-ifb-button-wrapper wp-block-button\"><\/div><\/div><\/div>\n<\/div>\n\n\n\n<div class=\"wp-block-uagb-container uagb-block-8299aca9\">\n<div class=\"wp-block-uagb-info-box uagb-block-c00301f2 uagb-infobox__content-wrap  uagb-infobox_cta-type-all uagb-infobox-icon-above-title uagb-infobox-image-valign-top\"><a href=\"https:\/\/centroramsol.com\/index.php\/nivelacion-academica\/\" class=\"uagb-infobox-link-wrap uagb-infbox__link-to-all\" target=\"_blank\" aria-label=\"Infobox Link\" rel=\"noopener noreferrer\" onclick=\"return true;\"><\/a><div class=\"uagb-ifb-content\"><div class=\"uagb-ifb-image-content\"><img decoding=\"async\" src=\"http:\/\/centroramsol.com\/wp-content\/uploads\/2023\/05\/nivelacion-01-01-682x1024.png\" alt=\"\" width=\"682\" height=\"1024\" loading=\"lazy\"\/><\/div><div class=\"uagb-ifb-title-wrap\"><\/div><p class=\"uagb-ifb-desc\">Mejora el rendimiento acad\u00e9mico de tu hijo\/a  con asesor\u00edas psicopedag\u00f3gicas individualizadas. <br><br><\/p><div class=\"uagb-ifb-button-wrapper wp-block-button\"><\/div><\/div><\/div>\n<\/div>\n<\/div><\/div>\n<\/div>\n<\/div>\n<\/div>\n<\/div>\n\n\n\n<div class=\"wp-block-columns are-vertically-aligned-bottom has-small-font-size is-layout-flex wp-container-9\" style=\"border-style:none;border-width:0px;border-radius:0px;padding-top:0px;padding-right:0px;padding-bottom:0px;padding-left:0px\">\n<div class=\"wp-block-column is-vertically-aligned-bottom has-ast-global-color-5-background-color has-background is-layout-constrained wp-container-8\" style=\"border-style:none;border-width:0px;padding-top:0;padding-right:0;padding-bottom:0;padding-left:0;flex-basis:100%\">\n<div class=\"wp-block-uagb-container uagb-block-abd2cded alignfull uagb-is-root-container\"><div class=\"uagb-container-inner-blocks-wrap\">\n<div class=\"wp-block-uagb-container uagb-block-5d8b9e46\">\n<div class=\"wp-block-uagb-info-box uagb-block-e711c774 uagb-infobox__content-wrap  uagb-infobox_cta-type-all uagb-infobox-icon-above-title uagb-infobox-image-valign-top\"><a href=\"https:\/\/centroramsol.com\/index.php\/estimulacion-temprana\/\" class=\"uagb-infobox-link-wrap uagb-infbox__link-to-all\" target=\"_blank\" aria-label=\"Infobox Link\" rel=\"noopener noreferrer\" onclick=\"return true;\"><\/a><div class=\"uagb-ifb-content\"><div class=\"uagb-ifb-image-content\"><img decoding=\"async\" src=\"http:\/\/centroramsol.com\/wp-content\/uploads\/2023\/07\/imagen-foto-de-perfil-redes-sociales-profile-aesthetic-blanco.png\" alt=\"\" width=\"100\" height=\"100\" loading=\"lazy\"\/><\/div><div class=\"uagb-ifb-title-wrap\"><h4 class=\"uagb-ifb-title\">Estimulaci\u00f3n temprana<\/h4><\/div><p class=\"uagb-ifb-desc\"><br>Descubre la magia de la estimulaci\u00f3n temprana para tu hijo\/a. Nuestras clases ofrecen un entorno seguro y divertido donde explorar, aprender y crecer.<br><br>\u00a1Pide tu clase muestra!<br><br><\/p><div class=\"uagb-ifb-button-wrapper wp-block-button\"><\/div><\/div><\/div>\n<\/div>\n\n\n\n<div class=\"wp-block-uagb-container uagb-block-45a18c89\">\n<div class=\"wp-block-columns is-layout-flex wp-container-7\">\n<div class=\"wp-block-column is-layout-flow\" style=\"flex-basis:100%\">\n<div class=\"inherit-container-width wp-block-group is-layout-constrained\">\n<div class=\"wp-block-uagb-info-box uagb-block-1d6b321d uagb-infobox__content-wrap  uagb-infobox_cta-type-all uagb-infobox-icon-above-title uagb-infobox-image-valign-top\"><a href=\"https:\/\/centroramsol.com\/index.php\/taller-neuromadurativo\/\" class=\"uagb-infobox-link-wrap uagb-infbox__link-to-all\" target=\"_blank\" aria-label=\"Infobox Link\" rel=\"noopener noreferrer\" onclick=\"return true;\"><\/a><div class=\"uagb-ifb-content\"><div class=\"uagb-ifb-image-content\"><img decoding=\"async\" src=\"http:\/\/centroramsol.com\/wp-content\/uploads\/2023\/07\/imagen-foto-de-perfil-redes-sociales-profile-aesthetic-blanco-1.png\" alt=\"\" width=\"100\" height=\"100\" loading=\"lazy\"\/><\/div><div class=\"uagb-ifb-title-wrap\"><h4 class=\"uagb-ifb-title\">Taller Neuromadurativo<\/h4><\/div><p class=\"uagb-ifb-desc\"><br>El taller neuromadurativo promueve el desarrollo integral de los ni\u00f1os, enfoc\u00e1ndose tanto en aspectos f\u00edsicos como cognitivos, emocionales y sociales. <br><br>\u00a1Pide tu clase muestra!<br><br><\/p><div class=\"uagb-ifb-button-wrapper wp-block-button\"><\/div><\/div><\/div>\n<\/div>\n<\/div>\n<\/div>\n<\/div>\n\n\n\n<div class=\"wp-block-uagb-container uagb-block-a2c20ad4\">\n<div class=\"wp-block-uagb-info-box uagb-block-3e281b37 uagb-infobox__content-wrap  uagb-infobox_cta-type-all uagb-infobox-icon-above-title uagb-infobox-image-valign-top\"><a href=\"https:\/\/centroramsol.com\/index.php\/evaluaciones-neuropsicologicas\/\" class=\"uagb-infobox-link-wrap uagb-infbox__link-to-all\" target=\"_blank\" aria-label=\"Infobox Link\" rel=\"noopener noreferrer\" onclick=\"return true;\"><\/a><div class=\"uagb-ifb-content\"><div class=\"uagb-ifb-image-content\"><img decoding=\"async\" src=\"http:\/\/centroramsol.com\/wp-content\/uploads\/2023\/07\/imagen-foto-de-perfil-redes-sociales-profile-aesthetic-blanco-2.png\" alt=\"\" width=\"100\" height=\"100\" loading=\"lazy\"\/><\/div><div class=\"uagb-ifb-title-wrap\"><h4 class=\"uagb-ifb-title\">Evaluaciones Neuropsicol\u00f3gicas<br><\/h4><\/div><p class=\"uagb-ifb-desc\">Nuestros expertos en psicolog\u00eda infantil brindan un diagn\u00f3stico preciso y estrategias pr\u00e1cticas para impulsar su desarrollo acad\u00e9mico, social y emocional.<br><br><br><\/p><div class=\"uagb-ifb-button-wrapper wp-block-button\"><\/div><\/div><\/div>\n<\/div>\n<\/div><\/div>\n<\/div>\n<\/div>\n<\/div>\n\n\n\n<div class=\"wp-block-uagb-container uagb-block-693eb35b alignfull uagb-is-root-container\"><div class=\"uagb-container-inner-blocks-wrap\">\n<div class=\"wp-block-uagb-container uagb-block-ac5a3e65\">\n<div class=\"wp-block-uagb-info-box uagb-block-fb6c8607 uagb-infobox__content-wrap  uagb-infobox-icon-above-title uagb-infobox-image-valign-top\"><div class=\"uagb-ifb-content\"><div class=\"uagb-ifb-title-wrap\"><h2 class=\"uagb-ifb-title\">Blog<\/h2><\/div><div class=\"uagb-ifb-separator\"><\/div><p class=\"uagb-ifb-desc\">\u00a1Descubre art\u00edculos inspiradores y pr\u00e1cticos para fortalecer tu bienestar mental en nuestra secci\u00f3n de Blog! Nuestro equipo de expertos en psicolog\u00eda te brinda informaci\u00f3n clara y accesible sobre temas relevantes. \u00a1Mejora tu calidad de vida y encuentra herramientas \u00fatiles aqu\u00ed!<\/p><\/div><\/div>\n<\/div>\n\n\n\n<div class=\"wp-block-uagb-container uagb-block-b0ac0c34\">\n<div class=\"wp-block-uagb-container uagb-block-8f09c577\">\n<div class=\"wp-block-uagb-image uagb-block-6a2c3973 wp-block-uagb-image--layout-default wp-block-uagb-image--effect-static wp-block-uagb-image--align-none\"><figure class=\"wp-block-uagb-image__figure\"><img decoding=\"async\" srcset=\"http:\/\/centroramsol.com\/wp-content\/uploads\/2023\/07\/child-care-template-featured-article-img-1.jpg \" sizes=\"(max-width: 480px) 150px\" src=\"http:\/\/centroramsol.com\/wp-content\/uploads\/2023\/07\/child-care-template-featured-article-img-1.jpg\" alt=\"\" class=\"uag-image-183\" width=\"386\" height=\"252\" title=\"\" loading=\"lazy\"\/><\/figure><\/div>\n\n\n\n<div class=\"wp-block-uagb-info-box uagb-block-5397c96d uagb-infobox__content-wrap  uagb-infobox-icon-above-title uagb-infobox-image-valign-top\"><div class=\"uagb-ifb-content\"><div class=\"uagb-ifb-title-wrap\"><h4 class=\"uagb-ifb-title\">Criando ni\u00f1os seguros y resilientes<\/h4><\/div><p class=\"uagb-ifb-desc\">Consejos pr\u00e1cticos para fortalecer su confianza.<br><\/p><div class=\"uagb-ifb-button-wrapper wp-block-button\"><a href=\"https:\/\/centroramsol.com\/index.php\/1138-2\/\" class=\"uagb-infobox-cta-link wp-block-button__link\" target=\"_blank\" rel=\"noopener noreferrer\" onclick=\"return true;\" alt=\"\"><span class=\"uagb-inline-editing\">Leer m\u00e1s<\/span><\/a><\/div><\/div><\/div>\n<\/div>\n\n\n\n<div class=\"wp-block-uagb-container uagb-block-c81584be\">\n<div class=\"wp-block-uagb-image uagb-block-0e44a49b wp-block-uagb-image--layout-default wp-block-uagb-image--effect-static wp-block-uagb-image--align-none\"><figure class=\"wp-block-uagb-image__figure\"><img decoding=\"async\" srcset=\"http:\/\/centroramsol.com\/wp-content\/uploads\/2023\/07\/child-care-template-featured-article-img-2.jpg \" sizes=\"(max-width: 480px) 150px\" src=\"http:\/\/centroramsol.com\/wp-content\/uploads\/2023\/07\/child-care-template-featured-article-img-2.jpg\" alt=\"\" class=\"uag-image-184\" width=\"386\" height=\"252\" title=\"\" loading=\"lazy\"\/><\/figure><\/div>\n\n\n\n<div class=\"wp-block-uagb-info-box uagb-block-37a48ac9 uagb-infobox__content-wrap  uagb-infobox-icon-above-title uagb-infobox-image-valign-top\"><div class=\"uagb-ifb-content\"><div class=\"uagb-ifb-title-wrap\"><h4 class=\"uagb-ifb-title\">El ABC del sue\u00f1o infantil<\/h4><\/div><p class=\"uagb-ifb-desc\">Estrategias para establecer rutinas nocturnas saludables.<br><\/p><div class=\"uagb-ifb-button-wrapper wp-block-button\"><a href=\"https:\/\/centroramsol.com\/index.php\/el-abc-del-sueno-infantil\/\" class=\"uagb-infobox-cta-link wp-block-button__link\" target=\"_self\" rel=\"noopener noreferrer\" onclick=\"return true;\" alt=\"\"><span class=\"uagb-inline-editing\">Leer m\u00e1s<\/span><\/a><\/div><\/div><\/div>\n<\/div>\n\n\n\n<div class=\"wp-block-uagb-container uagb-block-902a0785\">\n<div class=\"wp-block-uagb-image uagb-block-9f03e05d wp-block-uagb-image--layout-default wp-block-uagb-image--effect-static wp-block-uagb-image--align-none\"><figure class=\"wp-block-uagb-image__figure\"><img decoding=\"async\" srcset=\"http:\/\/centroramsol.com\/wp-content\/uploads\/2023\/07\/child-care-template-featured-article-img-3.jpg \" sizes=\"(max-width: 480px) 150px\" src=\"http:\/\/centroramsol.com\/wp-content\/uploads\/2023\/07\/child-care-template-featured-article-img-3.jpg\" alt=\"\" class=\"uag-image-185\" width=\"386\" height=\"252\" title=\"\" loading=\"lazy\"\/><\/figure><\/div>\n\n\n\n<div class=\"wp-block-uagb-info-box uagb-block-389d966b uagb-infobox__content-wrap  uagb-infobox-icon-above-title uagb-infobox-image-valign-top\"><div class=\"uagb-ifb-content\"><div class=\"uagb-ifb-title-wrap\"><h4 class=\"uagb-ifb-title\">El poder del juego<\/h4><\/div><p class=\"uagb-ifb-desc\">C\u00f3mo utilizarlo para fomentar el crecimiento emocional en los ni\u00f1os.<br><br><\/p><div class=\"uagb-ifb-button-wrapper wp-block-button\"><a href=\"https:\/\/centroramsol.com\/index.php\/el-poder-del-juego-como-utilizarlo-para-fomentar-el-crecimiento-emocional-en-los-ninos\/\" class=\"uagb-infobox-cta-link wp-block-button__link\" target=\"_self\" rel=\"noopener noreferrer\" onclick=\"return true;\" alt=\"\"><span class=\"uagb-inline-editing\">Leer m\u00e1s<\/span><\/a><\/div><\/div><\/div>\n<\/div>\n<\/div>\n<\/div><\/div>\n\n\n\n<div class=\"wp-block-uagb-buttons uagb-buttons__outer-wrap uagb-btn__default-btn uagb-btn-tablet__default-btn uagb-btn-mobile__default-btn uagb-block-bfb28ccb\"><div class=\"uagb-buttons__wrap uagb-buttons-layout-wrap\">\n<div class=\"wp-block-uagb-buttons-child uagb-buttons__outer-wrap uagb-block-8a4890ec wp-block-button is-style-outline\"><div class=\"uagb-button__wrapper\"><a class=\"uagb-buttons-repeater wp-block-button__link has-background has-text-color\" href=\"#\" onclick=\"return false;\" rel=\"follow noopener\" target=\"_self\"><div class=\"uagb-button__link\">Ver todos los art\u00edculos<\/div><\/a><\/div><\/div>\n<\/div><\/div>\n\n\n\n<div class=\"inherit-container-width wp-block-group is-layout-constrained\">\n<div class=\"wp-block-uagb-advanced-heading uagb-block-d118c4d5\"><h2 class=\"uagb-heading-text\">Comentarios de nuestros pacientes<\/h2><div class=\"uagb-separator\"><\/div><\/div>\n\n\n\n<div class=\"wp-block-group has-ast-global-color-5-background-color has-background is-vertical is-content-justification-center is-layout-flex wp-container-11\" style=\"padding-top:0;padding-right:0;padding-bottom:0;padding-left:0\">\n<div class=\"wp-block-uagb-testimonial uagb-slick-carousel uagb-tm__arrow-outside uagb-block-49428450\"><div class=\"is-carousel uagb-tm__columns-1 uagb-tm__items\"><div class=\"uagb-testimonial__wrap  uagb-tm__imgicon-style-circle uagb-tm__image-position-bottom uagb-tm__bg-type-none \"><div class=\"uagb-tm__content\"><div class=\"uagb-tm__overlay\"><\/div><div class=\"uagb-tm__text-wrap\"><div class=\"uagb-tm__desc\">Excelentes terapeutas, la recepcionista le falta ser m\u00e1s atenta y amable con el p\u00fablico. Por supuesto que es un centro recomendable.<\/div><div class=\"uagb-tm__meta-inner\"><div class=\"uagb-testimonial-details\"><span class=\"uagb-tm__author-name\"><a href=\"https:\/\/www.google.com\/maps\/contrib\/109380020339389360404?hl=es-419&amp;sa=X&amp;ved=2ahUKEwjbnuyusqaAAxWlmmoFHRQyAJEQvvQBegQIARAZ\">Flor Mayela Casta\u00f1on Murillo<\/a><\/span><span class=\"uagb-tm__company\">V\u00eda Google<\/span><\/div><\/div><\/div><\/div><\/div><div class=\"uagb-testimonial__wrap  uagb-tm__imgicon-style-circle uagb-tm__image-position-bottom uagb-tm__bg-type-none \"><div class=\"uagb-tm__content\"><div class=\"uagb-tm__overlay\"><\/div><div class=\"uagb-tm__text-wrap\"><div class=\"uagb-tm__desc\">Excelente terapeuta, el trato es de lo m\u00e1s c\u00e1lido.<\/div><div class=\"uagb-tm__meta-inner\"><div class=\"uagb-testimonial-details\"><span class=\"uagb-tm__author-name\"><a href=\"https:\/\/www.google.com\/maps\/contrib\/105187146118144098030?hl=es-419&amp;sa=X&amp;ved=2ahUKEwjbnuyusqaAAxWlmmoFHRQyAJEQvvQBegQIARA2\">Eva G.<\/a><\/span><span class=\"uagb-tm__company\">V\u00eda Google<\/span><\/div><\/div><\/div><\/div><\/div><div class=\"uagb-testimonial__wrap  uagb-tm__imgicon-style-circle uagb-tm__image-position-bottom uagb-tm__bg-type-none \"><div class=\"uagb-tm__content\"><div class=\"uagb-tm__overlay\"><\/div><div class=\"uagb-tm__text-wrap\"><div class=\"uagb-tm__desc\">Excelente servicio y trato con el p\u00fablico<\/div><div class=\"uagb-tm__meta-inner\"><div class=\"uagb-testimonial-details\"><span class=\"uagb-tm__author-name\"><a href=\"https:\/\/www.google.com\/maps\/contrib\/102569354416951534251?hl=es-419&amp;sa=X&amp;ved=2ahUKEwjbnuyusqaAAxWlmmoFHRQyAJEQvvQBegQIARBT\">Ruben Gomez Coronel<\/a> <\/span><span class=\"uagb-tm__company\">V\u00eda Google<\/span><\/div><\/div><\/div><\/div><\/div><\/div><\/div>\n<\/div>\n<\/div>\n\n\n\n<div class=\"inherit-container-width wp-block-group has-background is-layout-constrained\" style=\"background-color:#0927961a\">\n<p><\/p>\n\n\n\n<div class=\"wp-block-uagb-advanced-heading uagb-block-3d40fdb6\"><h2 class=\"uagb-heading-text\">Cont\u00e1ctanos<\/h2><div class=\"uagb-separator\"><\/div><\/div>\n\n\n\n<p><\/p>\n\n\n\n<div class=\"wp-block-uagb-container uagb-block-f596045c alignfull uagb-is-root-container\"><div class=\"uagb-container-inner-blocks-wrap\">\n<div class=\"wp-block-uagb-container uagb-block-810d0373\">\n<div class=\"wp-block-uagb-info-box uagb-block-f04ff2a0 uagb-infobox__content-wrap  uagb-infobox-icon-above-title uagb-infobox-image-valign-top\"><div class=\"uagb-ifb-content\"><div class=\"uagb-ifb-title-wrap\"><h4 class=\"uagb-ifb-title\"><strong>Tel\u00e9fono<\/strong><\/h4><\/div><p class=\"uagb-ifb-desc\">+(52 1) 55 5754 5167<\/p><\/div><\/div>\n\n\n\n<div class=\"wp-block-uagb-info-box uagb-block-0ea2eaec uagb-infobox__content-wrap  uagb-infobox-icon-above-title uagb-infobox-image-valign-top\"><div class=\"uagb-ifb-content\"><div class=\"uagb-ifb-title-wrap\"><h4 class=\"uagb-ifb-title\"><strong><strong>Direcci\u00f3n<\/strong><\/strong><\/h4><\/div><p class=\"uagb-ifb-desc\">Avenida Wilfrido Massieu 245 07739 <br>Ciudad de M\u00e9xico CDMX, M\u00e9xico<\/p><\/div><\/div>\n<\/div>\n\n\n\n<div class=\"wp-block-uagb-container uagb-block-7709e5ce\">\n<div class=\"inherit-container-width wp-block-group is-layout-constrained\">\n<div class=\"wp-block-uagb-advanced-heading uagb-block-76b40e12\"><h2 class=\"uagb-heading-text\">Env\u00edanos un mensaje<\/h2><\/div>\n\n\n\n<p><\/p>\n<\/div>\n\n\n\n<p><\/p>\n\n\n\n<p><\/p>\n\n\n\n<div class=\"inherit-container-width wp-block-group is-layout-constrained\">\n<div class=\"wp-block-uagb-forms uagb-forms__outer-wrap uagb-block-7f914dd9 uagb-forms__medium-btn\"><form class=\"uagb-forms-main-form\" method=\"post\" autocomplete=\"on\" name=\"uagb-form-7f914dd9\">\n<div class=\"wp-block-uagb-forms-name uagb-forms-name-wrap uagb-forms-field-set uagb-block-2e978d15\"><div class=\"uagb-forms-name-label obligatorio uagb-forms-input-label\" id=\"2e978d15\">Nombre<\/div><input type=\"text\" placeholder=\"\" required class=\"uagb-forms-name-input uagb-forms-input\" name=\"2e978d15\" autocomplete=\"given-name\"\/><\/div>\n\n\n\n<div class=\"wp-block-uagb-forms-name uagb-forms-name-wrap uagb-forms-field-set uagb-block-e7554b36\"><div class=\"uagb-forms-name-label obligatorio uagb-forms-input-label\" id=\"e7554b36\">Apellido<\/div><input type=\"text\" placeholder=\"\" required class=\"uagb-forms-name-input uagb-forms-input\" name=\"e7554b36\" autocomplete=\"family-name\"\/><\/div>\n\n\n\n<div class=\"wp-block-uagb-forms-email uagb-forms-email-wrap uagb-forms-field-set uagb-block-c6600ddd\"><div class=\"uagb-forms-email-label  uagb-forms-input-label\" id=\"c6600ddd\">Correo electr\u00f3nico<\/div><input type=\"email\" class=\"uagb-forms-email-input uagb-forms-input\" placeholder=\"ejemplo@correo.com\" name=\"c6600ddd\" autocomplete=\"email\"\/><\/div>\n\n\n\n<div class=\"wp-block-uagb-forms-textarea uagb-forms-textarea-wrap uagb-forms-field-set uagb-block-6f3b1982\"><div class=\"uagb-forms-textarea-label obligatorio uagb-forms-input-label\" id=\"6f3b1982\">Mensaje<\/div><textarea required class=\"uagb-forms-textarea-input uagb-forms-input\" rows=\"4\" placeholder=\"Introduce tu mensaje\" name=\"6f3b1982\" autocomplete=\"off\"><\/textarea><\/div>\n<div class=\"uagb-forms-form-hidden-data\"><input type=\"hidden\" class=\"uagb_forms_form_label\" value=\"Spectra Form\"\/><input type=\"hidden\" class=\"uagb_forms_form_id\" value=\"uagb-form-7f914dd9\"\/><\/div><div class=\"uagb-form-reacaptcha-error-7f914dd9\"><\/div><div class=\"uagb-forms-main-submit-button-wrap wp-block-button\"><button class=\"uagb-forms-main-submit-button wp-block-button__link\"><div class=\"uagb-forms-main-submit-button-text\">Enviar mensaje<\/div><\/button><\/div><\/form><div class=\"uagb-forms-success-message-7f914dd9 uagb-forms-submit-message-hide\"><span>Gracias por tu mensaje.\n\nA la brevedad nos pondremos en contacto contigo.<\/span><\/div><div class=\"uagb-forms-failed-message-7f914dd9 uagb-forms-submit-message-hide\"><span>Ha ocurrido un error. \n\nPor favor, verifica que todos los campos sean correctos.\n\n<\/span><\/div><\/div>\n<\/div>\n<\/div>\n<\/div><\/div>\n<\/div>\n","protected":false},"excerpt":{"rendered":"<p>PSIC\u00d3LOGOS Y PSICOTERAPEUTAS ESPECIALIZADOS Humanamente responsables con el desarrollo integral del SER Comentarios de nuestros pacientes<\/p>\n","protected":false},"author":1,"featured_media":0,"parent":0,"menu_order":1,"comment_status":"closed","ping_status":"closed","template":"","meta":{"_uag_custom_page_level_css":"","site-sidebar-layout":"no-sidebar","site-content-layout":"page-builder","ast-global-header-display":"","ast-banner-title-visibility":"","ast-main-header-display":"","ast-hfb-above-header-display":"","ast-hfb-below-header-display":"","ast-hfb-mobile-header-display":"","site-post-title":"","ast-breadcrumbs-content":"","ast-featured-img":"","footer-sml-layout":"","theme-transparent-header-meta":"enabled","adv-header-id-meta":"","stick-header-meta":"","header-above-stick-meta":"","header-main-stick-meta":"","header-below-stick-meta":""},"uagb_featured_image_src":{"full":false,"thumbnail":false,"medium":false,"medium_large":false,"large":false,"1536x1536":false,"2048x2048":false},"uagb_author_info":{"display_name":"carlosggcr@gmail.com","author_link":"https:\/\/centroramsol.com\/index.php\/author\/carlosggcrgmail-com\/"},"uagb_comment_info":0,"uagb_excerpt":"PSIC\u00d3LOGOS Y PSICOTERAPEUTAS ESPECIALIZADOS Humanamente responsables con el desarrollo integral del SER Comentarios de nuestros pacientes","_links":{"self":[{"href":"https:\/\/centroramsol.com\/index.php\/wp-json\/wp\/v2\/pages\/78"}],"collection":[{"href":"https:\/\/centroramsol.com\/index.php\/wp-json\/wp\/v2\/pages"}],"about":[{"href":"https:\/\/centroramsol.com\/index.php\/wp-json\/wp\/v2\/types\/page"}],"author":[{"embeddable":true,"href":"https:\/\/centroramsol.com\/index.php\/wp-json\/wp\/v2\/users\/1"}],"replies":[{"embeddable":true,"href":"https:\/\/centroramsol.com\/index.php\/wp-json\/wp\/v2\/comments?post=78"}],"version-history":[{"count":132,"href":"https:\/\/centroramsol.com\/index.php\/wp-json\/wp\/v2\/pages\/78\/revisions"}],"predecessor-version":[{"id":1466,"href":"https:\/\/centroramsol.com\/index.php\/wp-json\/wp\/v2\/pages\/78\/revisions\/1466"}],"wp:attachment":[{"href":"https:\/\/centroramsol.com\/index.php\/wp-json\/wp\/v2\/media?parent=78"}],"curies":[{"name":"wp","href":"https:\/\/api.w.org\/{rel}","templated":true}]}}