{"id":949,"date":"2023-06-30T14:18:38","date_gmt":"2023-06-30T14:18:38","guid":{"rendered":"https:\/\/centroramsol.com\/?page_id=949"},"modified":"2023-07-24T03:59:06","modified_gmt":"2023-07-24T03:59:06","slug":"blog","status":"publish","type":"page","link":"https:\/\/centroramsol.com\/index.php\/blog\/","title":{"rendered":"BLOG"},"content":{"rendered":"\n<div class=\"wp-block-uagb-image alignfull uagb-block-af29df6f wp-block-uagb-image--layout-default wp-block-uagb-image--effect-static wp-block-uagb-image--align-full\"><figure class=\"wp-block-uagb-image__figure\"><img decoding=\"async\" srcset=\"http:\/\/centroramsol.com\/wp-content\/uploads\/2023\/07\/circulos-para-web-Recuperado-01-fotor-bg-remover-20230723201731.png ,https:\/\/centroramsol.com\/wp-content\/uploads\/2023\/07\/circulos-para-web-Recuperado-01-3.png 780w\" sizes=\"(max-width: 480px) 150px\" src=\"http:\/\/centroramsol.com\/wp-content\/uploads\/2023\/07\/circulos-para-web-Recuperado-01-fotor-bg-remover-20230723201731.png\" alt=\"\" class=\"uag-image-1316\" width=\"1000\" height=\"460\" title=\"\" loading=\"lazy\"\/><\/figure><\/div>\n\n\n\n<div class=\"wp-block-uagb-container uagb-block-db5fe219 alignfull uagb-is-root-container\"><div class=\"uagb-container-inner-blocks-wrap\">\n<div class=\"wp-block-uagb-advanced-heading uagb-block-a48d0ca2\"><h2 class=\"uagb-heading-text\">BLOG <\/h2><\/div>\n<\/div><\/div>\n\n\n\n<div class=\"wp-block-uagb-info-box uagb-block-273c495d uagb-infobox__content-wrap  uagb-infobox-icon-above-title uagb-infobox-image-valign-top\"><div class=\"uagb-ifb-content\"><div class=\"uagb-ifb-title-wrap\"><\/div><p class=\"uagb-ifb-desc\">\u00a1Bienvenidos a nuestro blog!<br><br>En este espacio diverso y enriquecedor, nos emociona compartir una amplia gama de art\u00edculos de inter\u00e9s que abarcan tem\u00e1ticas diversas y fascinantes. Aqu\u00ed, encontrar\u00e1s una fuente inagotable de inspiraci\u00f3n, informaci\u00f3n y reflexi\u00f3n para nutrir tu bienestar integral y enriquecer tu vida en todos sus aspectos.<br><br>En nuestro af\u00e1n por promover una visi\u00f3n hol\u00edstica de la salud y el crecimiento personal, hemos reunido una colecci\u00f3n de art\u00edculos que abarcan desde la psicolog\u00eda y la terapia, hasta la espiritualidad, el desarrollo personal, la salud mental y mucho m\u00e1s. Nuestro objetivo es brindarte una experiencia completa y enriquecedora, ofreci\u00e9ndote herramientas pr\u00e1cticas y perspectivas profundas para enfrentar los desaf\u00edos de la vida y alcanzar una conexi\u00f3n m\u00e1s profunda contigo mismo y con el mundo que te rodea.<br><\/p><\/div><\/div>\n\n\n\n<div class=\"wp-block-media-text alignwide is-stacked-on-mobile has-ast-global-color-5-background-color has-background\"><figure class=\"wp-block-media-text__media\"><img decoding=\"async\" loading=\"lazy\" width=\"368\" height=\"240\" src=\"http:\/\/centroramsol.com\/wp-content\/uploads\/2023\/07\/child-care-template-featured-article-img-1.jpg\" alt=\"\" class=\"wp-image-959 size-full\" srcset=\"https:\/\/centroramsol.com\/wp-content\/uploads\/2023\/07\/child-care-template-featured-article-img-1.jpg 368w, https:\/\/centroramsol.com\/wp-content\/uploads\/2023\/07\/child-care-template-featured-article-img-1-300x196.jpg 300w\" sizes=\"(max-width: 368px) 100vw, 368px\" \/><\/figure><div class=\"wp-block-media-text__content\">\n<h4 class=\"wp-block-heading has-text-align-left has-ast-global-color-5-background-color has-text-color has-background\" style=\"color:#ea6004\">Criando ni\u00f1os seguros y resilientes<\/h4>\n\n\n\n<p class=\"has-text-color\" style=\"color:#041860\">Consejos pr\u00e1cticos para fortalecer su confianza.<\/p>\n\n\n\n<p><\/p>\n\n\n\n<div class=\"wp-block-buttons is-layout-flex\">\n<div class=\"wp-block-button\"><a class=\"wp-block-button__link has-background wp-element-button\" href=\"https:\/\/centroramsol.com\/index.php\/1138-2\/\" style=\"border-radius:100px;background-color:#041860\">Leer m\u00e1s<\/a><\/div>\n<\/div>\n<\/div><\/div>\n\n\n\n<div class=\"wp-block-media-text alignwide is-stacked-on-mobile has-background\" style=\"background-color:#5476cc21\"><figure class=\"wp-block-media-text__media\"><img decoding=\"async\" loading=\"lazy\" width=\"368\" height=\"240\" src=\"http:\/\/centroramsol.com\/wp-content\/uploads\/2023\/07\/child-care-template-featured-article-img-2.jpg\" alt=\"\" class=\"wp-image-960 size-full\" srcset=\"https:\/\/centroramsol.com\/wp-content\/uploads\/2023\/07\/child-care-template-featured-article-img-2.jpg 368w, https:\/\/centroramsol.com\/wp-content\/uploads\/2023\/07\/child-care-template-featured-article-img-2-300x196.jpg 300w\" sizes=\"(max-width: 368px) 100vw, 368px\" \/><\/figure><div class=\"wp-block-media-text__content\">\n<h4 class=\"wp-block-heading has-text-color\" style=\"color:#ea6004\">El ABC del sue\u00f1o infantil<\/h4>\n\n\n\n<p class=\"has-text-color\" style=\"color:#041860\">Estrategias para establecer rutinas nocturnas saludables.<\/p>\n\n\n\n<p><\/p>\n\n\n\n<div class=\"wp-block-buttons is-layout-flex\">\n<div class=\"wp-block-button\"><a class=\"wp-block-button__link has-background wp-element-button\" href=\"https:\/\/centroramsol.com\/index.php\/el-abc-del-sueno-infantil\/\" style=\"border-radius:100px;background-color:#041860\">Leer m\u00e1s<\/a><\/div>\n<\/div>\n<\/div><\/div>\n\n\n\n<div class=\"wp-block-media-text alignwide is-stacked-on-mobile has-ast-global-color-5-background-color has-background\"><figure class=\"wp-block-media-text__media\"><img decoding=\"async\" loading=\"lazy\" width=\"368\" height=\"240\" src=\"http:\/\/centroramsol.com\/wp-content\/uploads\/2023\/07\/child-care-template-featured-article-img-3.jpg\" alt=\"\" class=\"wp-image-961 size-full\" srcset=\"https:\/\/centroramsol.com\/wp-content\/uploads\/2023\/07\/child-care-template-featured-article-img-3.jpg 368w, https:\/\/centroramsol.com\/wp-content\/uploads\/2023\/07\/child-care-template-featured-article-img-3-300x196.jpg 300w\" sizes=\"(max-width: 368px) 100vw, 368px\" \/><\/figure><div class=\"wp-block-media-text__content\">\n<h4 class=\"wp-block-heading has-text-color\" style=\"color:#ea6004\">El poder del juego<\/h4>\n\n\n\n<p class=\"has-text-color\" style=\"color:#041860\">C\u00f3mo utilizarlo para fomentar el crecimiento emocional en los ni\u00f1os.<\/p>\n\n\n\n<p><\/p>\n\n\n\n<div class=\"wp-block-buttons is-layout-flex\">\n<div class=\"wp-block-button\"><a class=\"wp-block-button__link has-background wp-element-button\" href=\"https:\/\/centroramsol.com\/index.php\/el-poder-del-juego-como-utilizarlo-para-fomentar-el-crecimiento-emocional-en-los-ninos\/\" style=\"border-radius:100px;background-color:#041860\">Leer m\u00e1s<\/a><\/div>\n<\/div>\n<\/div><\/div>\n\n\n\n<div class=\"inherit-container-width wp-block-group has-background is-layout-constrained\" style=\"background-color:#0927961a\">\n<p><\/p>\n\n\n\n<div class=\"wp-block-uagb-advanced-heading uagb-block-3d40fdb6\"><h2 class=\"uagb-heading-text\">Cont\u00e1ctanos<\/h2><div class=\"uagb-separator\"><\/div><\/div>\n\n\n\n<p><\/p>\n\n\n\n<div class=\"wp-block-uagb-container uagb-block-f596045c alignfull uagb-is-root-container\"><div class=\"uagb-container-inner-blocks-wrap\">\n<div class=\"wp-block-uagb-container uagb-block-810d0373\">\n<div class=\"wp-block-uagb-info-box uagb-block-f04ff2a0 uagb-infobox__content-wrap  uagb-infobox-icon-above-title uagb-infobox-image-valign-top\"><div class=\"uagb-ifb-content\"><div class=\"uagb-ifb-title-wrap\"><h4 class=\"uagb-ifb-title\"><strong>Tel\u00e9fono<\/strong><\/h4><\/div><p class=\"uagb-ifb-desc\">+(52 1) 55 5754 5167<\/p><\/div><\/div>\n\n\n\n<div class=\"wp-block-uagb-info-box uagb-block-0ea2eaec uagb-infobox__content-wrap  uagb-infobox-icon-above-title uagb-infobox-image-valign-top\"><div class=\"uagb-ifb-content\"><div class=\"uagb-ifb-title-wrap\"><h4 class=\"uagb-ifb-title\"><strong><strong>Direcci\u00f3n<\/strong><\/strong><\/h4><\/div><p class=\"uagb-ifb-desc\">Avenida Wilfrido Massieu 245 07739 <br>Ciudad de M\u00e9xico CDMX, M\u00e9xico<\/p><\/div><\/div>\n<\/div>\n\n\n\n<div class=\"wp-block-uagb-container uagb-block-7709e5ce\">\n<div class=\"inherit-container-width wp-block-group is-layout-constrained\">\n<div class=\"wp-block-uagb-advanced-heading uagb-block-76b40e12\"><h2 class=\"uagb-heading-text\">Env\u00edanos un mensaje<\/h2><\/div>\n\n\n\n<p><\/p>\n<\/div>\n\n\n\n<p><\/p>\n\n\n\n<p><\/p>\n\n\n\n<div class=\"inherit-container-width wp-block-group is-layout-constrained\">\n<div class=\"wp-block-uagb-forms uagb-forms__outer-wrap uagb-block-7f914dd9 uagb-forms__medium-btn\"><form class=\"uagb-forms-main-form\" method=\"post\" autocomplete=\"on\" name=\"uagb-form-7f914dd9\">\n<div class=\"wp-block-uagb-forms-name uagb-forms-name-wrap uagb-forms-field-set uagb-block-2e978d15\"><div class=\"uagb-forms-name-label obligatorio uagb-forms-input-label\" id=\"2e978d15\">Nombre<\/div><input type=\"text\" placeholder=\"\" required class=\"uagb-forms-name-input uagb-forms-input\" name=\"2e978d15\" autocomplete=\"given-name\"\/><\/div>\n\n\n\n<div class=\"wp-block-uagb-forms-name uagb-forms-name-wrap uagb-forms-field-set uagb-block-e7554b36\"><div class=\"uagb-forms-name-label obligatorio uagb-forms-input-label\" id=\"e7554b36\">Apellido<\/div><input type=\"text\" placeholder=\"\" required class=\"uagb-forms-name-input uagb-forms-input\" name=\"e7554b36\" autocomplete=\"family-name\"\/><\/div>\n\n\n\n<div class=\"wp-block-uagb-forms-email uagb-forms-email-wrap uagb-forms-field-set uagb-block-c6600ddd\"><div class=\"uagb-forms-email-label  uagb-forms-input-label\" id=\"c6600ddd\">Correo electr\u00f3nico<\/div><input type=\"email\" class=\"uagb-forms-email-input uagb-forms-input\" placeholder=\"ejemplo@correo.com\" name=\"c6600ddd\" autocomplete=\"email\"\/><\/div>\n\n\n\n<div class=\"wp-block-uagb-forms-textarea uagb-forms-textarea-wrap uagb-forms-field-set uagb-block-6f3b1982\"><div class=\"uagb-forms-textarea-label obligatorio uagb-forms-input-label\" id=\"6f3b1982\">Mensaje<\/div><textarea required class=\"uagb-forms-textarea-input uagb-forms-input\" rows=\"4\" placeholder=\"Introduce tu mensaje\" name=\"6f3b1982\" autocomplete=\"off\"><\/textarea><\/div>\n<div class=\"uagb-forms-form-hidden-data\"><input type=\"hidden\" class=\"uagb_forms_form_label\" value=\"Spectra Form\"\/><input type=\"hidden\" class=\"uagb_forms_form_id\" value=\"uagb-form-7f914dd9\"\/><\/div><div class=\"uagb-form-reacaptcha-error-7f914dd9\"><\/div><div class=\"uagb-forms-main-submit-button-wrap wp-block-button\"><button class=\"uagb-forms-main-submit-button wp-block-button__link\"><div class=\"uagb-forms-main-submit-button-text\">Enviar mensaje<\/div><\/button><\/div><\/form><div class=\"uagb-forms-success-message-7f914dd9 uagb-forms-submit-message-hide\"><span>Gracias por tu mensaje.\n\nA la brevedad nos pondremos en contacto contigo.<\/span><\/div><div class=\"uagb-forms-failed-message-7f914dd9 uagb-forms-submit-message-hide\"><span>Ha ocurrido un error. \n\nPor favor, verifica que todos los campos sean correctos.\n\n<\/span><\/div><\/div>\n<\/div>\n<\/div>\n<\/div><\/div>\n<\/div>\n","protected":false},"excerpt":{"rendered":"<p>BLOG<\/p>\n","protected":false},"author":1,"featured_media":0,"parent":0,"menu_order":3,"comment_status":"closed","ping_status":"closed","template":"","meta":{"_uag_custom_page_level_css":"","site-sidebar-layout":"default","site-content-layout":"page-builder","ast-global-header-display":"","ast-banner-title-visibility":"","ast-main-header-display":"","ast-hfb-above-header-display":"","ast-hfb-below-header-display":"","ast-hfb-mobile-header-display":"","site-post-title":"disabled","ast-breadcrumbs-content":"","ast-featured-img":"","footer-sml-layout":"","theme-transparent-header-meta":"","adv-header-id-meta":"","stick-header-meta":"","header-above-stick-meta":"","header-main-stick-meta":"","header-below-stick-meta":""},"uagb_featured_image_src":{"full":false,"thumbnail":false,"medium":false,"medium_large":false,"large":false,"1536x1536":false,"2048x2048":false},"uagb_author_info":{"display_name":"carlosggcr@gmail.com","author_link":"https:\/\/centroramsol.com\/index.php\/author\/carlosggcrgmail-com\/"},"uagb_comment_info":0,"uagb_excerpt":"BLOG","_links":{"self":[{"href":"https:\/\/centroramsol.com\/index.php\/wp-json\/wp\/v2\/pages\/949"}],"collection":[{"href":"https:\/\/centroramsol.com\/index.php\/wp-json\/wp\/v2\/pages"}],"about":[{"href":"https:\/\/centroramsol.com\/index.php\/wp-json\/wp\/v2\/types\/page"}],"author":[{"embeddable":true,"href":"https:\/\/centroramsol.com\/index.php\/wp-json\/wp\/v2\/users\/1"}],"replies":[{"embeddable":true,"href":"https:\/\/centroramsol.com\/index.php\/wp-json\/wp\/v2\/comments?post=949"}],"version-history":[{"count":8,"href":"https:\/\/centroramsol.com\/index.php\/wp-json\/wp\/v2\/pages\/949\/revisions"}],"predecessor-version":[{"id":1363,"href":"https:\/\/centroramsol.com\/index.php\/wp-json\/wp\/v2\/pages\/949\/revisions\/1363"}],"wp:attachment":[{"href":"https:\/\/centroramsol.com\/index.php\/wp-json\/wp\/v2\/media?parent=949"}],"curies":[{"name":"wp","href":"https:\/\/api.w.org\/{rel}","templated":true}]}}